{"id":51,"date":"2019-07-16T21:00:32","date_gmt":"2019-07-16T21:00:32","guid":{"rendered":"https:\/\/demo.themeisle.com\/neve-fitness\/?page_id=51"},"modified":"2025-10-28T18:24:53","modified_gmt":"2025-10-28T18:24:53","slug":"contact-us","status":"publish","type":"page","link":"https:\/\/h2oma.com\/fr\/contact-us\/","title":{"rendered":"Contact"},"content":{"rendered":"<div data-elementor-type=\"wp-post\" data-elementor-id=\"51\" class=\"elementor elementor-51\" data-elementor-settings=\"[]\">\n\t\t\t\t\t\t<div class=\"elementor-inner\">\n\t\t\t\t\t\t\t<div class=\"elementor-section-wrap\">\n\t\t\t\t\t\t\t<section class=\"elementor-section elementor-top-section elementor-element elementor-element-f1b9538 elementor-section-boxed elementor-section-height-default elementor-section-height-default\" data-id=\"f1b9538\" data-element_type=\"section\" data-settings=\"{&quot;background_background&quot;:&quot;classic&quot;}\">\n\t\t\t\t\t\t\t<div class=\"elementor-background-overlay\"><\/div>\n\t\t\t\t\t\t\t<div class=\"elementor-container elementor-column-gap-default\">\n\t\t\t\t\t\t\t<div class=\"elementor-row\">\n\t\t\t\t\t<div class=\"elementor-column elementor-col-100 elementor-top-column elementor-element elementor-element-baa96e5\" data-id=\"baa96e5\" data-element_type=\"column\">\n\t\t\t<div class=\"elementor-column-wrap elementor-element-populated\">\n\t\t\t\t\t\t\t<div class=\"elementor-widget-wrap\">\n\t\t\t\t\t\t<section class=\"elementor-section elementor-inner-section elementor-element elementor-element-b7d0c5f elementor-section-boxed elementor-section-height-default elementor-section-height-default\" data-id=\"b7d0c5f\" data-element_type=\"section\">\n\t\t\t\t\t\t<div class=\"elementor-container elementor-column-gap-default\">\n\t\t\t\t\t\t\t<div class=\"elementor-row\">\n\t\t\t\t\t<div class=\"elementor-column elementor-col-100 elementor-inner-column elementor-element elementor-element-13f5023\" data-id=\"13f5023\" data-element_type=\"column\">\n\t\t\t<div class=\"elementor-column-wrap elementor-element-populated\">\n\t\t\t\t\t\t\t<div class=\"elementor-widget-wrap\">\n\t\t\t\t\t\t<div class=\"elementor-element elementor-element-b1646bb elementor-widget elementor-widget-heading\" data-id=\"b1646bb\" data-element_type=\"widget\" data-widget_type=\"heading.default\">\n\t\t\t\t<div class=\"elementor-widget-container\">\n\t\t\t<h1 class=\"elementor-heading-title elementor-size-default\">Contact<\/h1>\t\t<\/div>\n\t\t\t\t<\/div>\n\t\t\t\t\t\t<\/div>\n\t\t\t\t\t<\/div>\n\t\t<\/div>\n\t\t\t\t\t\t\t\t<\/div>\n\t\t\t\t\t<\/div>\n\t\t<\/section>\n\t\t\t\t\t\t<\/div>\n\t\t\t\t\t<\/div>\n\t\t<\/div>\n\t\t\t\t\t\t\t\t<\/div>\n\t\t\t\t\t<\/div>\n\t\t<\/section>\n\t\t\t\t<section class=\"elementor-section elementor-top-section elementor-element elementor-element-4f5c320 elementor-section-boxed elementor-section-height-default elementor-section-height-default\" data-id=\"4f5c320\" data-element_type=\"section\" data-settings=\"{&quot;background_background&quot;:&quot;classic&quot;}\">\n\t\t\t\t\t\t<div class=\"elementor-container elementor-column-gap-default\">\n\t\t\t\t\t\t\t<div class=\"elementor-row\">\n\t\t\t\t\t<div class=\"elementor-column elementor-col-100 elementor-top-column elementor-element elementor-element-cf3da4f\" data-id=\"cf3da4f\" data-element_type=\"column\">\n\t\t\t<div class=\"elementor-column-wrap elementor-element-populated\">\n\t\t\t\t\t\t\t<div class=\"elementor-widget-wrap\">\n\t\t\t\t\t\t<section class=\"elementor-section elementor-inner-section elementor-element elementor-element-c63f7f8 elementor-section-boxed elementor-section-height-default elementor-section-height-default\" data-id=\"c63f7f8\" data-element_type=\"section\">\n\t\t\t\t\t\t<div class=\"elementor-container elementor-column-gap-default\">\n\t\t\t\t\t\t\t<div class=\"elementor-row\">\n\t\t\t\t\t<div class=\"elementor-column elementor-col-50 elementor-inner-column elementor-element elementor-element-d84f5cd\" data-id=\"d84f5cd\" data-element_type=\"column\">\n\t\t\t<div class=\"elementor-column-wrap elementor-element-populated\">\n\t\t\t\t\t\t\t<div class=\"elementor-widget-wrap\">\n\t\t\t\t\t\t<div class=\"elementor-element elementor-element-9512149 elementor-widget elementor-widget-text-editor\" data-id=\"9512149\" data-element_type=\"widget\" data-widget_type=\"text-editor.default\">\n\t\t\t\t<div class=\"elementor-widget-container\">\n\t\t\t\t\t\t\t\t<div class=\"elementor-text-editor elementor-clearfix\">\n\t\t\t\t<h4><strong>H2O MMA<\/strong><\/h4><p>6045 Boul. Monk<br \/>Montr\u00e9al, QC H4E 3H5<\/p><p>T\u00e9l\u00e9phone : 514-814-9006<br \/>Email:\u00a0h2ommagym@gmail.com<\/p>\t\t\t\t\t<\/div>\n\t\t\t\t\t\t<\/div>\n\t\t\t\t<\/div>\n\t\t\t\t<div class=\"elementor-element elementor-element-65132f4 e-grid-align-left elementor-shape-rounded elementor-grid-0 elementor-widget elementor-widget-social-icons\" data-id=\"65132f4\" data-element_type=\"widget\" data-widget_type=\"social-icons.default\">\n\t\t\t\t<div class=\"elementor-widget-container\">\n\t\t\t\t\t<div class=\"elementor-social-icons-wrapper elementor-grid\">\n\t\t\t\t\t\t\t<span class=\"elementor-grid-item\">\n\t\t\t\t\t<a class=\"elementor-icon elementor-social-icon elementor-social-icon-facebook elementor-repeater-item-e1c0038\" href=\"https:\/\/www.facebook.com\/h2omma\/\" target=\"_blank\">\n\t\t\t\t\t\t<span class=\"elementor-screen-only\">Facebook<\/span>\n\t\t\t\t\t\t<i class=\"fab fa-facebook\"><\/i>\t\t\t\t\t<\/a>\n\t\t\t\t<\/span>\n\t\t\t\t\t\t\t<span class=\"elementor-grid-item\">\n\t\t\t\t\t<a class=\"elementor-icon elementor-social-icon elementor-social-icon-instagram elementor-repeater-item-2453ee0\" href=\"https:\/\/www.instagram.com\/h2omma\/?hl=en\" target=\"_blank\">\n\t\t\t\t\t\t<span class=\"elementor-screen-only\">Instagram<\/span>\n\t\t\t\t\t\t<i class=\"fab fa-instagram\"><\/i>\t\t\t\t\t<\/a>\n\t\t\t\t<\/span>\n\t\t\t\t\t\t\t<span class=\"elementor-grid-item\">\n\t\t\t\t\t<a class=\"elementor-icon elementor-social-icon elementor-social-icon-youtube elementor-repeater-item-c738f32\" href=\"http:\/\/www.youtube.com\/user\/filmricky\" target=\"_blank\">\n\t\t\t\t\t\t<span class=\"elementor-screen-only\">Youtube<\/span>\n\t\t\t\t\t\t<i class=\"fab fa-youtube\"><\/i>\t\t\t\t\t<\/a>\n\t\t\t\t<\/span>\n\t\t\t\t\t<\/div>\n\t\t\t\t<\/div>\n\t\t\t\t<\/div>\n\t\t\t\t\t\t<\/div>\n\t\t\t\t\t<\/div>\n\t\t<\/div>\n\t\t\t\t<div class=\"elementor-column elementor-col-50 elementor-inner-column elementor-element elementor-element-852a776\" data-id=\"852a776\" data-element_type=\"column\">\n\t\t\t<div class=\"elementor-column-wrap elementor-element-populated\">\n\t\t\t\t\t\t\t<div class=\"elementor-widget-wrap\">\n\t\t\t\t\t\t<div class=\"elementor-element elementor-element-5133e5b elementor-widget elementor-widget-heading\" data-id=\"5133e5b\" data-element_type=\"widget\" data-widget_type=\"heading.default\">\n\t\t\t\t<div class=\"elementor-widget-container\">\n\t\t\t<h4 class=\"elementor-heading-title elementor-size-default\">Dites-nous ce qui vous int\u00e9resse.<\/h4>\t\t<\/div>\n\t\t\t\t<\/div>\n\t\t\t\t<div class=\"elementor-element elementor-element-e436c42 elementor-widget elementor-widget-text-editor\" data-id=\"e436c42\" data-element_type=\"widget\" data-widget_type=\"text-editor.default\">\n\t\t\t\t<div class=\"elementor-widget-container\">\n\t\t\t\t\t\t\t\t<div class=\"elementor-text-editor elementor-clearfix\">\n\t\t\t\t<p>Veuillez noter que pour un essai de cours de groupe, vous n'avez pas besoin de rendez-vous, vous \u00eates tout \u00e0 fait pr\u00eat \u00e0 venir. Vous n'avez qu'\u00e0 vous pr\u00e9senter 15 \u00e0 20 minutes avant l'heure du cours de votre choix (consultez notre horaire sur le site Web).<\/p>\t\t\t\t\t<\/div>\n\t\t\t\t\t\t<\/div>\n\t\t\t\t<\/div>\n\t\t\t\t<div class=\"elementor-element elementor-element-63c6509 elementor-widget elementor-widget-html\" data-id=\"63c6509\" data-element_type=\"widget\" data-widget_type=\"html.default\">\n\t\t\t\t<div class=\"elementor-widget-container\">\n\t\t\t<style id=\"wpforms-css-vars-1008\">\n\t\t\t\t#wpforms-1008 {\n\t\t\t\t--wpforms-container-padding: 0px;\n--wpforms-container-border-width: 1px;\n--wpforms-container-border-radius: 3px;\n--wpforms-background-color: rgba(0, 0, 0, 0);\n--wpforms-field-size-input-height: 43px;\n--wpforms-field-size-input-spacing: 15px;\n--wpforms-field-size-font-size: 16px;\n--wpforms-field-size-line-height: 19px;\n--wpforms-field-size-padding-h: 14px;\n--wpforms-field-size-checkbox-size: 16px;\n--wpforms-field-size-sublabel-spacing: 5px;\n--wpforms-field-size-icon-size: 1;\n--wpforms-label-size-font-size: 16px;\n--wpforms-label-size-line-height: 19px;\n--wpforms-label-size-sublabel-font-size: 14px;\n--wpforms-label-size-sublabel-line-height: 17px;\n--wpforms-button-size-font-size: 17px;\n--wpforms-button-size-height: 41px;\n--wpforms-button-size-padding-h: 15px;\n--wpforms-button-size-margin-top: 10px;\n--wpforms-container-shadow-size-box-shadow: none;\n\t\t\t}\n\t\t\t<\/style><div class=\"wpforms-container wpforms-container-full wpforms-render-modern\" id=\"wpforms-1008\"><form id=\"wpforms-form-1008\" class=\"wpforms-validate wpforms-form wpforms-ajax-form\" data-formid=\"1008\" method=\"post\" enctype=\"multipart\/form-data\" action=\"\/fr\/wp-json\/wp\/v2\/pages\/51\" data-token=\"ca4d264ec51a364730c99a41d40c0749\" data-token-time=\"1776946283\" data-trp-original-action=\"\/fr\/wp-json\/wp\/v2\/pages\/51\"><noscript class=\"wpforms-error-noscript\">Please enable JavaScript in your browser to complete this form.<\/noscript><div id=\"wpforms-error-noscript\" style=\"display: none;\">Please enable JavaScript in your browser to complete this form.<\/div><div class=\"wpforms-field-container\"><div id=\"wpforms-1008-field_1-container\" class=\"wpforms-field wpforms-field-name\" data-field-id=\"1\"><label class=\"wpforms-field-label\" for=\"wpforms-1008-field_1\">Nom <span class=\"wpforms-required-label\" aria-hidden=\"true\">*<\/span><\/label><input type=\"text\" id=\"wpforms-1008-field_1\" class=\"wpforms-field-medium wpforms-field-required\" name=\"wpforms[fields][1]\" aria-errormessage=\"wpforms-1008-field_1-error\" required><\/div><div id=\"wpforms-1008-field_2-container\" class=\"wpforms-field wpforms-field-email\" data-field-id=\"2\"><label class=\"wpforms-field-label\" for=\"wpforms-1008-field_2\">E-mail <span class=\"wpforms-required-label\" aria-hidden=\"true\">*<\/span><\/label><input type=\"email\" id=\"wpforms-1008-field_2\" class=\"wpforms-field-medium wpforms-field-required\" name=\"wpforms[fields][2]\" spellcheck=\"false\" aria-errormessage=\"wpforms-1008-field_2-error\" required><\/div><div id=\"wpforms-1008-field_4-container\" class=\"wpforms-field wpforms-field-number\" data-field-id=\"4\"><label class=\"wpforms-field-label\" for=\"wpforms-1008-field_4\">Num\u00e9ro de t\u00e9l\u00e9phone<\/label><input type=\"number\" id=\"wpforms-1008-field_4\" class=\"wpforms-field-medium\" name=\"wpforms[fields][4]\" step=\"any\" aria-errormessage=\"wpforms-1008-field_4-error\" ><\/div>\t\t<div id=\"wpforms-1008-field_7-container\"\n\t\t\tclass=\"wpforms-field wpforms-field-text\"\n\t\t\tdata-field-type=\"text\"\n\t\t\tdata-field-id=\"7\"\n\t\t\t>\n\t\t\t<label class=\"wpforms-field-label\" for=\"wpforms-1008-field_7\" >select us interested<\/label>\n\t\t\t<input type=\"text\" id=\"wpforms-1008-field_7\" class=\"wpforms-field-medium\" name=\"wpforms[fields][7]\" >\n\t\t<\/div>\n\t\t<div id=\"wpforms-1008-field_5-container\" class=\"wpforms-field wpforms-field-select wpforms-field-select-style-classic\" data-field-id=\"5\"><label class=\"wpforms-field-label\" for=\"wpforms-1008-field_5\">Si vous \u00eates int\u00e9ress\u00e9 par un essai, veuillez s\u00e9lectionner le(s) programme(s) :<\/label><select id=\"wpforms-1008-field_5\" class=\"wpforms-field-medium\" name=\"wpforms[fields][5]\"><option value=\"Mixed Martial Arts\"  class=\"choice-1 depth-1\"  >Arts martiaux mixtes<\/option><option value=\"Brazilian Jiu-Jitsu\"  class=\"choice-2 depth-1\"  >Jiu Jitsu br\u00e9silien<\/option><option value=\"Women\u2019s Kickboxing\"  class=\"choice-3 depth-1\"  >Kickboxing f\u00e9minin<\/option><option value=\"Muay Thai Kickboxing\"  class=\"choice-4 depth-1\"  >Kickboxing Muay Tha\u00ef<\/option><option value=\"Kids Program\"  class=\"choice-5 depth-1\"  >Programme pour enfants<\/option><\/select><\/div><div id=\"wpforms-1008-field_6-container\" class=\"wpforms-field wpforms-field-checkbox\" data-field-id=\"6\"><fieldset><legend class=\"wpforms-field-label\">\u00cates-vous int\u00e9ress\u00e9 par une formation priv\u00e9e?<\/legend><ul id=\"wpforms-1008-field_6\"><li class=\"choice-3 depth-1\"><input type=\"checkbox\" id=\"wpforms-1008-field_6_3\" name=\"wpforms[fields][6][]\" value=\"Yes\" aria-errormessage=\"wpforms-1008-field_6_3-error\"  ><label class=\"wpforms-field-label-inline\" for=\"wpforms-1008-field_6_3\">Oui<\/label><\/li><\/ul><\/fieldset><\/div><div id=\"wpforms-1008-field_3-container\" class=\"wpforms-field wpforms-field-textarea\" data-field-id=\"3\"><label class=\"wpforms-field-label\" for=\"wpforms-1008-field_3\">\u00c9crivez-nous un message:<\/label><textarea id=\"wpforms-1008-field_3\" class=\"wpforms-field-medium\" name=\"wpforms[fields][3]\" aria-errormessage=\"wpforms-1008-field_3-error\" ><\/textarea><\/div><script>\n\t\t\t\t( function() {\n\t\t\t\t\tconst style = document.createElement( 'style' );\n\t\t\t\t\tstyle.appendChild( document.createTextNode( '#wpforms-1008-field_7-container { position: absolute !important; overflow: hidden !important; display: inline !important; height: 1px !important; width: 1px !important; z-index: -1000 !important; padding: 0 !important; } #wpforms-1008-field_7-container input { visibility: hidden; } #wpforms-conversational-form-page #wpforms-1008-field_7-container label { counter-increment: none; }' ) );\n\t\t\t\t\tdocument.head.appendChild( style );\n\t\t\t\t\tdocument.currentScript?.remove();\n\t\t\t\t} )();\n\t\t\t<\/script><\/div><!-- .wpforms-field-container --><div class=\"wpforms-recaptcha-container wpforms-is-recaptcha wpforms-is-recaptcha-type-v2\" ><div class=\"g-recaptcha\" data-sitekey=\"6LfZfvorAAAAAEppm0mjd98nKUg3BgTXTJQ-kJ6w\"><\/div><input type=\"text\" name=\"g-recaptcha-hidden\" class=\"wpforms-recaptcha-hidden\" style=\"position:absolute!important;clip:rect(0,0,0,0)!important;height:1px!important;width:1px!important;border:0!important;overflow:hidden!important;padding:0!important;margin:0!important;\" data-rule-recaptcha=\"1\"><\/div><div class=\"wpforms-submit-container\" ><input type=\"hidden\" name=\"wpforms[id]\" value=\"1008\"><input type=\"hidden\" name=\"page_title\" value=\"\"><input type=\"hidden\" name=\"page_url\" value=\"https:\/\/h2oma.com\/fr\/wp-json\/wp\/v2\/pages\/51\"><input type=\"hidden\" name=\"url_referer\" value=\"\"><button type=\"submit\" name=\"wpforms[submit]\" id=\"wpforms-submit-1008\" class=\"wpforms-submit\" data-alt-text=\"Sending...\" data-submit-text=\"Submit\" aria-live=\"assertive\" value=\"wpforms-submit\">Soumettre<\/button><img loading=\"lazy\" decoding=\"async\" src=\"https:\/\/h2oma.com\/wp-content\/plugins\/wpforms-lite\/assets\/images\/submit-spin.svg\" class=\"wpforms-submit-spinner\" style=\"display: none;\" width=\"26\" height=\"26\" alt=\"Loading\"><\/div><input type=\"hidden\" name=\"trp-form-language\" value=\"fr\"\/><\/form><\/div>  <!-- .wpforms-container -->\t\t<\/div>\n\t\t\t\t<\/div>\n\t\t\t\t\t\t<\/div>\n\t\t\t\t\t<\/div>\n\t\t<\/div>\n\t\t\t\t\t\t\t\t<\/div>\n\t\t\t\t\t<\/div>\n\t\t<\/section>\n\t\t\t\t<section class=\"elementor-section elementor-inner-section elementor-element elementor-element-7d4d2df elementor-section-boxed elementor-section-height-default elementor-section-height-default\" data-id=\"7d4d2df\" data-element_type=\"section\">\n\t\t\t\t\t\t<div class=\"elementor-container elementor-column-gap-default\">\n\t\t\t\t\t\t\t<div class=\"elementor-row\">\n\t\t\t\t\t<div class=\"elementor-column elementor-col-100 elementor-inner-column elementor-element elementor-element-7330ba9\" data-id=\"7330ba9\" data-element_type=\"column\">\n\t\t\t<div class=\"elementor-column-wrap\">\n\t\t\t\t\t\t\t<div class=\"elementor-widget-wrap\">\n\t\t\t\t\t\t\t\t<\/div>\n\t\t\t\t\t<\/div>\n\t\t<\/div>\n\t\t\t\t\t\t\t\t<\/div>\n\t\t\t\t\t<\/div>\n\t\t<\/section>\n\t\t\t\t\t\t<\/div>\n\t\t\t\t\t<\/div>\n\t\t<\/div>\n\t\t\t\t\t\t\t\t<\/div>\n\t\t\t\t\t<\/div>\n\t\t<\/section>\n\t\t\t\t\t\t<\/div>\n\t\t\t\t\t\t<\/div>\n\t\t\t\t\t<\/div>","protected":false},"excerpt":{"rendered":"<p>Contact Us H2O MMA 6045 Boul. MonkMontr\u00e9al, QC H4E 3H5 Phone: 514-814-9006Email:\u00a0h2ommagym@gmail.com Facebook Instagram Youtube Tell us what you are interested in. Please note that for a group class trial you don\u2019t need an appointment, you\u2019re all set to come. Just show up 15-20 minutes before a class time of your choice (consult our schedule&hellip;&nbsp;<a href=\"https:\/\/h2oma.com\/fr\/contact-us\/\" class=\"\" rel=\"bookmark\">Read More &raquo;<span class=\"screen-reader-text\">Contact<\/span><\/a><\/p>","protected":false},"author":1,"featured_media":0,"parent":0,"menu_order":0,"comment_status":"closed","ping_status":"closed","template":"page-templates\/template-pagebuilder-full-width.php","meta":{"footnotes":""},"class_list":["post-51","page","type-page","status-publish","hentry"],"yoast_head":"<!-- This site is optimized with the Yoast SEO plugin v26.2 - https:\/\/yoast.com\/wordpress\/plugins\/seo\/ -->\n<title>Contact Us - H2O MMA<\/title>\n<meta name=\"robots\" content=\"index, follow, max-snippet:-1, max-image-preview:large, max-video-preview:-1\" \/>\n<link rel=\"canonical\" href=\"https:\/\/h2oma.com\/fr\/contact-us\/\" \/>\n<meta property=\"og:locale\" content=\"fr_CA\" \/>\n<meta property=\"og:type\" content=\"article\" \/>\n<meta property=\"og:title\" content=\"Contact Us - H2O MMA\" \/>\n<meta property=\"og:description\" content=\"Contact Us H2O MMA 6045 Boul. MonkMontr\u00e9al, QC H4E 3H5 Phone: 514-814-9006Email:\u00a0h2ommagym@gmail.com Facebook Instagram Youtube Tell us what you are interested in. Please note that for a group class trial you don\u2019t need an appointment, you\u2019re all set to come. Just show up 15-20 minutes before a class time of your choice (consult our schedule&hellip;&nbsp;Read More &raquo;Contact Us\" \/>\n<meta property=\"og:url\" content=\"https:\/\/h2oma.com\/fr\/contact-us\/\" \/>\n<meta property=\"og:site_name\" content=\"H2O MMA\" \/>\n<meta property=\"article:modified_time\" content=\"2025-10-28T18:24:53+00:00\" \/>\n<meta name=\"twitter:card\" content=\"summary_large_image\" \/>\n<meta name=\"twitter:label1\" content=\"Estimation du temps de lecture\" \/>\n\t<meta name=\"twitter:data1\" content=\"1 minute\" \/>\n<script type=\"application\/ld+json\" class=\"yoast-schema-graph\">{\"@context\":\"https:\/\/schema.org\",\"@graph\":[{\"@type\":\"WebPage\",\"@id\":\"https:\/\/h2oma.com\/contact-us\/\",\"url\":\"https:\/\/h2oma.com\/contact-us\/\",\"name\":\"Contact Us - H2O MMA\",\"isPartOf\":{\"@id\":\"https:\/\/h2oma.com\/#website\"},\"datePublished\":\"2019-07-16T21:00:32+00:00\",\"dateModified\":\"2025-10-28T18:24:53+00:00\",\"breadcrumb\":{\"@id\":\"https:\/\/h2oma.com\/contact-us\/#breadcrumb\"},\"inLanguage\":\"fr-CA\",\"potentialAction\":[{\"@type\":\"ReadAction\",\"target\":[\"https:\/\/h2oma.com\/contact-us\/\"]}]},{\"@type\":\"BreadcrumbList\",\"@id\":\"https:\/\/h2oma.com\/contact-us\/#breadcrumb\",\"itemListElement\":[{\"@type\":\"ListItem\",\"position\":1,\"name\":\"Home\",\"item\":\"https:\/\/h2oma.com\/\"},{\"@type\":\"ListItem\",\"position\":2,\"name\":\"Contact Us\"}]},{\"@type\":\"WebSite\",\"@id\":\"https:\/\/h2oma.com\/#website\",\"url\":\"https:\/\/h2oma.com\/\",\"name\":\"H2O MMA\",\"description\":\"H2O MMA (Mixed Martial Arts Academy) :: Group &amp; Personal Trainer - Montreal&#039;s #1 Fitness Gym\/School for Thai Kickboxing, Brazilian Jiu-Jitsu &amp; MMA\",\"publisher\":{\"@id\":\"https:\/\/h2oma.com\/#organization\"},\"potentialAction\":[{\"@type\":\"SearchAction\",\"target\":{\"@type\":\"EntryPoint\",\"urlTemplate\":\"https:\/\/h2oma.com\/?s={search_term_string}\"},\"query-input\":{\"@type\":\"PropertyValueSpecification\",\"valueRequired\":true,\"valueName\":\"search_term_string\"}}],\"inLanguage\":\"fr-CA\"},{\"@type\":\"Organization\",\"@id\":\"https:\/\/h2oma.com\/#organization\",\"name\":\"H2O MMA\",\"url\":\"https:\/\/h2oma.com\/\",\"logo\":{\"@type\":\"ImageObject\",\"inLanguage\":\"fr-CA\",\"@id\":\"https:\/\/h2oma.com\/#\/schema\/logo\/image\/\",\"url\":\"https:\/\/h2oma.com\/wp-content\/uploads\/2020\/02\/logo.png\",\"contentUrl\":\"https:\/\/h2oma.com\/wp-content\/uploads\/2020\/02\/logo.png\",\"width\":255,\"height\":55,\"caption\":\"H2O MMA\"},\"image\":{\"@id\":\"https:\/\/h2oma.com\/#\/schema\/logo\/image\/\"}}]}<\/script>\n<!-- \/ Yoast SEO plugin. -->","yoast_head_json":{"title":"Contact Us - H2O MMA","robots":{"index":"index","follow":"follow","max-snippet":"max-snippet:-1","max-image-preview":"max-image-preview:large","max-video-preview":"max-video-preview:-1"},"canonical":"https:\/\/h2oma.com\/fr\/contact-us\/","og_locale":"fr_CA","og_type":"article","og_title":"Contact Us - H2O MMA","og_description":"Contact Us H2O MMA 6045 Boul. MonkMontr\u00e9al, QC H4E 3H5 Phone: 514-814-9006Email:\u00a0h2ommagym@gmail.com Facebook Instagram Youtube Tell us what you are interested in. Please note that for a group class trial you don\u2019t need an appointment, you\u2019re all set to come. Just show up 15-20 minutes before a class time of your choice (consult our schedule&hellip;&nbsp;Read More &raquo;Contact Us","og_url":"https:\/\/h2oma.com\/fr\/contact-us\/","og_site_name":"H2O MMA","article_modified_time":"2025-10-28T18:24:53+00:00","twitter_card":"summary_large_image","twitter_misc":{"Estimation du temps de lecture":"1 minute"},"schema":{"@context":"https:\/\/schema.org","@graph":[{"@type":"WebPage","@id":"https:\/\/h2oma.com\/contact-us\/","url":"https:\/\/h2oma.com\/contact-us\/","name":"Contact Us - H2O MMA","isPartOf":{"@id":"https:\/\/h2oma.com\/#website"},"datePublished":"2019-07-16T21:00:32+00:00","dateModified":"2025-10-28T18:24:53+00:00","breadcrumb":{"@id":"https:\/\/h2oma.com\/contact-us\/#breadcrumb"},"inLanguage":"fr-CA","potentialAction":[{"@type":"ReadAction","target":["https:\/\/h2oma.com\/contact-us\/"]}]},{"@type":"BreadcrumbList","@id":"https:\/\/h2oma.com\/contact-us\/#breadcrumb","itemListElement":[{"@type":"ListItem","position":1,"name":"Home","item":"https:\/\/h2oma.com\/"},{"@type":"ListItem","position":2,"name":"Contact Us"}]},{"@type":"WebSite","@id":"https:\/\/h2oma.com\/#website","url":"https:\/\/h2oma.com\/","name":"H2O MMA","description":"H2O MMA (Mixed Martial Arts Academy) :: Group &amp; Personal Trainer - Montreal&#039;s #1 Fitness Gym\/School for Thai Kickboxing, Brazilian Jiu-Jitsu &amp; MMA","publisher":{"@id":"https:\/\/h2oma.com\/#organization"},"potentialAction":[{"@type":"SearchAction","target":{"@type":"EntryPoint","urlTemplate":"https:\/\/h2oma.com\/?s={search_term_string}"},"query-input":{"@type":"PropertyValueSpecification","valueRequired":true,"valueName":"search_term_string"}}],"inLanguage":"fr-CA"},{"@type":"Organization","@id":"https:\/\/h2oma.com\/#organization","name":"H2O MMA","url":"https:\/\/h2oma.com\/","logo":{"@type":"ImageObject","inLanguage":"fr-CA","@id":"https:\/\/h2oma.com\/#\/schema\/logo\/image\/","url":"https:\/\/h2oma.com\/wp-content\/uploads\/2020\/02\/logo.png","contentUrl":"https:\/\/h2oma.com\/wp-content\/uploads\/2020\/02\/logo.png","width":255,"height":55,"caption":"H2O MMA"},"image":{"@id":"https:\/\/h2oma.com\/#\/schema\/logo\/image\/"}}]}},"_links":{"self":[{"href":"https:\/\/h2oma.com\/fr\/wp-json\/wp\/v2\/pages\/51","targetHints":{"allow":["GET"]}}],"collection":[{"href":"https:\/\/h2oma.com\/fr\/wp-json\/wp\/v2\/pages"}],"about":[{"href":"https:\/\/h2oma.com\/fr\/wp-json\/wp\/v2\/types\/page"}],"author":[{"embeddable":true,"href":"https:\/\/h2oma.com\/fr\/wp-json\/wp\/v2\/users\/1"}],"replies":[{"embeddable":true,"href":"https:\/\/h2oma.com\/fr\/wp-json\/wp\/v2\/comments?post=51"}],"version-history":[{"count":71,"href":"https:\/\/h2oma.com\/fr\/wp-json\/wp\/v2\/pages\/51\/revisions"}],"predecessor-version":[{"id":1043,"href":"https:\/\/h2oma.com\/fr\/wp-json\/wp\/v2\/pages\/51\/revisions\/1043"}],"wp:attachment":[{"href":"https:\/\/h2oma.com\/fr\/wp-json\/wp\/v2\/media?parent=51"}],"curies":[{"name":"wp","href":"https:\/\/api.w.org\/{rel}","templated":true}]}}